{"id":2790,"date":"2023-10-04T09:37:43","date_gmt":"2023-10-04T09:37:43","guid":{"rendered":"https:\/\/florencedolcevita.com\/servizi\/"},"modified":"2024-04-04T12:08:59","modified_gmt":"2024-04-04T12:08:59","slug":"servizi","status":"publish","type":"page","link":"https:\/\/florencedolcevita.com\/it\/servizi\/","title":{"rendered":"Servizi"},"content":{"rendered":"\t\t<div data-elementor-type=\"wp-page\" data-elementor-id=\"2790\" class=\"elementor elementor-2790 elementor-1170\">\n\t\t\t\t\t\t\t<div class=\"elementor-element elementor-element-781b564 e-con-full e-flex magic-button-disabled-no e-con\" data-id=\"781b564\" data-element_type=\"container\" data-settings=\"{&quot;content_width&quot;:&quot;full&quot;,&quot;jet_parallax_layout_list&quot;:[]}\">\n\t\t\t\t<div data-dce-advanced-background-image-url=\"https:\/\/florencedolcevita.com\/wp-content\/uploads\/salvemini-home\/salvemini-1.jpg\" class=\"elementor-element elementor-element-e963bd9 elementor-invisible elementor-has-bg-overlay elementor-widget elementor-widget-global elementor-global-416 elementor-widget-heading\" data-id=\"e963bd9\" data-element_type=\"widget\" data-settings=\"{&quot;_animation&quot;:&quot;fadeInDown&quot;}\" data-widget_type=\"heading.default\">\n\t\t\t\t<div class=\"elementor-widget-container\">\n\t\t\t<h1 class=\"elementor-heading-title elementor-size-default\">Servizi<\/h1>\t\t<\/div>\n\t\t\t\t<\/div>\n\t\t\t\t<\/div>\n\t\t<div class=\"elementor-element elementor-element-0995182 e-con-boxed e-flex magic-button-disabled-no e-con\" data-id=\"0995182\" data-element_type=\"container\" data-settings=\"{&quot;jet_parallax_layout_list&quot;:[],&quot;content_width&quot;:&quot;boxed&quot;}\">\n\t\t\t\t\t<div class=\"e-con-inner\">\n\t\t\t\t<div class=\"elementor-element elementor-element-e1db7b5 elementor-widget elementor-widget-text-editor\" data-id=\"e1db7b5\" data-element_type=\"widget\" data-widget_type=\"text-editor.default\">\n\t\t\t\t<div class=\"elementor-widget-container\">\n\t\t\t\t\t\t\t<p><span style=\"font-weight: 400;\">Se state cercando un luogo speciale per il vostro soggiorno nella splendida Firenze FPP \u00e8 l&#8217;azienda che fa per voi.<\/span><\/p>\n<p><span style=\"font-weight: 400;\">Siamo una societ\u00e0 che si occupa di accoglienza per offrire ai nostri ospiti un\u2019esperienza di soggiorno autentica e confortevole. Le nostre strutture sono state accuratamente selezionate seguendo come criteri di valutazione: location, comfort e stile.<\/span><\/p>\n<p><span style=\"font-weight: 400;\">Le nostre strutture sono:<\/span><\/p>\n<ul>\n<li style=\"font-weight: 400;\" aria-level=\"1\"><span style=\"font-weight: 400;\">Appartamenti nel cuore del centro storico dove la location \u00e8 l\u2019elemento caratterizzante. Queste strutture sono perfette per tutti coloro che sono interessati a vivere il cuore di Firenze potendo alloggiare a due passi dalle principali attrazioni della citt\u00e0.\u00a0<\/span><\/li>\n<\/ul>\n<p><span style=\"font-weight: 400;\">Target: singoli, coppie e famiglie.\u00a0<\/span><\/p>\n<ul>\n<li style=\"font-weight: 400;\" aria-level=\"1\"><span style=\"font-weight: 400;\">Appartamenti e camere limitrofe al centro storico. Queste strutture sono ideali per coloro che sono a Firenze per lavoro e che quindi non hanno la necessit\u00e0 di alloggiare nel centro storico ma che preferiscono alloggiare in una zona residenziale servita da supermercati, parcheggi e trasporto pubblico oppure per tutti coloro che amano vivere la citt\u00e0 pi\u00f9 da cittadini e meno da turisti potendo comunque raggiungere il centro storico in meno di 30 minuti a piedi.<\/span><\/li>\n<\/ul>\n<p><span style=\"font-weight: 400;\">Target: Liberi professionisti, famiglie<\/span><\/p>\n<ul>\n<li style=\"font-weight: 400;\" aria-level=\"1\"><span style=\"font-weight: 400;\">Ville e case di campagna. Questa tipologia di struttura \u00e8 ideale per tutti coloro che preferiscono la campagna alla citt\u00e0 e che desiderano vivere la natura non rinunciando per\u00f2 ad un soggiorno confortevole in una splendida location.<\/span><\/li>\n<\/ul>\n<p><span style=\"font-weight: 400;\">Target: Coppie, Famiglie<\/span><\/p>\n<p><span style=\"font-weight: 400;\">Crediamo fermamente che un alloggio non sia un semplicemente luogo dove dormire la notte ma che possa diventare molto di pi\u00f9. Come FPP ci impegniamo a rendere il soggiorno dei nostri ospiti indimenticabile offrendo loro un supporto costante per la prenotazione di musei e ristoranti cos\u00ec come di esperienze sul territorio affidandoci a partner professionisti nel settore.<\/span><\/p>\n\t\t\t\t\t\t<\/div>\n\t\t\t\t<\/div>\n\t\t\t\t\t<\/div>\n\t\t\t\t<\/div>\n\t\t\t\t\t\t\t<\/div>\n\t\t","protected":false},"excerpt":{"rendered":"<p>Se state cercando un luogo speciale per il vostro soggiorno nella splendida Firenze FPP \u00e8 l&#8217;azienda che fa per voi. Siamo una societ\u00e0 che si occupa di accoglienza per offrire ai nostri ospiti un\u2019esperienza di soggiorno autentica e confortevole. Le nostre strutture sono state accuratamente selezionate seguendo come criteri di valutazione: location, comfort e stile&#8230;.<\/p>\n","protected":false},"author":1,"featured_media":2252,"parent":0,"menu_order":12,"comment_status":"closed","ping_status":"closed","template":"","meta":{"footnotes":""},"categories":[],"tags":[],"class_list":["post-2790","page","type-page","status-publish","has-post-thumbnail","hentry"],"acf":[],"yoast_head":"<!-- This site is optimized with the Yoast SEO plugin v22.4 - https:\/\/yoast.com\/wordpress\/plugins\/seo\/ -->\n<title>Servizi - Florence Dolce Vita<\/title>\n<meta name=\"robots\" content=\"index, follow, max-snippet:-1, max-image-preview:large, max-video-preview:-1\" \/>\n<link rel=\"canonical\" href=\"https:\/\/florencedolcevita.com\/services\/\" \/>\n<meta property=\"og:locale\" content=\"it_IT\" \/>\n<meta property=\"og:type\" content=\"article\" \/>\n<meta property=\"og:title\" content=\"Servizi - Florence Dolce Vita\" \/>\n<meta property=\"og:description\" content=\"Se state cercando un luogo speciale per il vostro soggiorno nella splendida Firenze FPP \u00e8 l&#8217;azienda che fa per voi. Siamo una societ\u00e0 che si occupa di accoglienza per offrire ai nostri ospiti un\u2019esperienza di soggiorno autentica e confortevole. Le nostre strutture sono state accuratamente selezionate seguendo come criteri di valutazione: location, comfort e stile....\" \/>\n<meta property=\"og:url\" content=\"https:\/\/florencedolcevita.com\/services\/\" \/>\n<meta property=\"og:site_name\" content=\"Florence Dolce Vita\" \/>\n<meta property=\"article:modified_time\" content=\"2024-04-04T12:08:59+00:00\" \/>\n<meta property=\"og:image\" content=\"https:\/\/florencedolcevita.com\/wp-content\/uploads\/salvemini-home\/salvemini-1.jpg\" \/>\n\t<meta property=\"og:image:width\" content=\"1920\" \/>\n\t<meta property=\"og:image:height\" content=\"1440\" \/>\n\t<meta property=\"og:image:type\" content=\"image\/jpeg\" \/>\n<meta name=\"twitter:card\" content=\"summary_large_image\" \/>\n<meta name=\"twitter:label1\" content=\"Tempo di lettura stimato\" \/>\n\t<meta name=\"twitter:data1\" content=\"1 minuto\" \/>\n<script type=\"application\/ld+json\" class=\"yoast-schema-graph\">{\"@context\":\"https:\/\/schema.org\",\"@graph\":[{\"@type\":\"WebPage\",\"@id\":\"https:\/\/florencedolcevita.com\/services\/\",\"url\":\"https:\/\/florencedolcevita.com\/services\/\",\"name\":\"Servizi - Florence Dolce Vita\",\"isPartOf\":{\"@id\":\"https:\/\/florencedolcevita.com\/#website\"},\"primaryImageOfPage\":{\"@id\":\"https:\/\/florencedolcevita.com\/services\/#primaryimage\"},\"image\":{\"@id\":\"https:\/\/florencedolcevita.com\/services\/#primaryimage\"},\"thumbnailUrl\":\"https:\/\/florencedolcevita.com\/wp-content\/uploads\/salvemini-home\/salvemini-1.jpg\",\"datePublished\":\"2023-10-04T09:37:43+00:00\",\"dateModified\":\"2024-04-04T12:08:59+00:00\",\"breadcrumb\":{\"@id\":\"https:\/\/florencedolcevita.com\/services\/#breadcrumb\"},\"inLanguage\":\"it-IT\",\"potentialAction\":[{\"@type\":\"ReadAction\",\"target\":[\"https:\/\/florencedolcevita.com\/services\/\"]}]},{\"@type\":\"ImageObject\",\"inLanguage\":\"it-IT\",\"@id\":\"https:\/\/florencedolcevita.com\/services\/#primaryimage\",\"url\":\"https:\/\/florencedolcevita.com\/wp-content\/uploads\/salvemini-home\/salvemini-1.jpg\",\"contentUrl\":\"https:\/\/florencedolcevita.com\/wp-content\/uploads\/salvemini-home\/salvemini-1.jpg\",\"width\":1920,\"height\":1440},{\"@type\":\"BreadcrumbList\",\"@id\":\"https:\/\/florencedolcevita.com\/services\/#breadcrumb\",\"itemListElement\":[{\"@type\":\"ListItem\",\"position\":1,\"name\":\"Home\",\"item\":\"https:\/\/florencedolcevita.com\/\"},{\"@type\":\"ListItem\",\"position\":2,\"name\":\"Servizi\"}]},{\"@type\":\"WebSite\",\"@id\":\"https:\/\/florencedolcevita.com\/#website\",\"url\":\"https:\/\/florencedolcevita.com\/\",\"name\":\"Florence Dolce Vita\",\"description\":\"\",\"publisher\":{\"@id\":\"https:\/\/florencedolcevita.com\/#organization\"},\"potentialAction\":[{\"@type\":\"SearchAction\",\"target\":{\"@type\":\"EntryPoint\",\"urlTemplate\":\"https:\/\/florencedolcevita.com\/?s={search_term_string}\"},\"query-input\":\"required name=search_term_string\"}],\"inLanguage\":\"it-IT\"},{\"@type\":\"Organization\",\"@id\":\"https:\/\/florencedolcevita.com\/#organization\",\"name\":\"Florence Dolce Vita\",\"url\":\"https:\/\/florencedolcevita.com\/\",\"logo\":{\"@type\":\"ImageObject\",\"inLanguage\":\"it-IT\",\"@id\":\"https:\/\/florencedolcevita.com\/#\/schema\/logo\/image\/\",\"url\":\"https:\/\/florencedolcevita.com\/wp-content\/uploads\/logo\/florence_dolce_vita_logo_2025.png\",\"contentUrl\":\"https:\/\/florencedolcevita.com\/wp-content\/uploads\/logo\/florence_dolce_vita_logo_2025.png\",\"width\":480,\"height\":480,\"caption\":\"Florence Dolce Vita\"},\"image\":{\"@id\":\"https:\/\/florencedolcevita.com\/#\/schema\/logo\/image\/\"}}]}<\/script>\n<!-- \/ Yoast SEO plugin. -->","yoast_head_json":{"title":"Servizi - Florence Dolce Vita","robots":{"index":"index","follow":"follow","max-snippet":"max-snippet:-1","max-image-preview":"max-image-preview:large","max-video-preview":"max-video-preview:-1"},"canonical":"https:\/\/florencedolcevita.com\/services\/","og_locale":"it_IT","og_type":"article","og_title":"Servizi - Florence Dolce Vita","og_description":"Se state cercando un luogo speciale per il vostro soggiorno nella splendida Firenze FPP \u00e8 l&#8217;azienda che fa per voi. Siamo una societ\u00e0 che si occupa di accoglienza per offrire ai nostri ospiti un\u2019esperienza di soggiorno autentica e confortevole. Le nostre strutture sono state accuratamente selezionate seguendo come criteri di valutazione: location, comfort e stile....","og_url":"https:\/\/florencedolcevita.com\/services\/","og_site_name":"Florence Dolce Vita","article_modified_time":"2024-04-04T12:08:59+00:00","og_image":[{"width":1920,"height":1440,"url":"https:\/\/florencedolcevita.com\/wp-content\/uploads\/salvemini-home\/salvemini-1.jpg","type":"image\/jpeg"}],"twitter_card":"summary_large_image","twitter_misc":{"Tempo di lettura stimato":"1 minuto"},"schema":{"@context":"https:\/\/schema.org","@graph":[{"@type":"WebPage","@id":"https:\/\/florencedolcevita.com\/services\/","url":"https:\/\/florencedolcevita.com\/services\/","name":"Servizi - Florence Dolce Vita","isPartOf":{"@id":"https:\/\/florencedolcevita.com\/#website"},"primaryImageOfPage":{"@id":"https:\/\/florencedolcevita.com\/services\/#primaryimage"},"image":{"@id":"https:\/\/florencedolcevita.com\/services\/#primaryimage"},"thumbnailUrl":"https:\/\/florencedolcevita.com\/wp-content\/uploads\/salvemini-home\/salvemini-1.jpg","datePublished":"2023-10-04T09:37:43+00:00","dateModified":"2024-04-04T12:08:59+00:00","breadcrumb":{"@id":"https:\/\/florencedolcevita.com\/services\/#breadcrumb"},"inLanguage":"it-IT","potentialAction":[{"@type":"ReadAction","target":["https:\/\/florencedolcevita.com\/services\/"]}]},{"@type":"ImageObject","inLanguage":"it-IT","@id":"https:\/\/florencedolcevita.com\/services\/#primaryimage","url":"https:\/\/florencedolcevita.com\/wp-content\/uploads\/salvemini-home\/salvemini-1.jpg","contentUrl":"https:\/\/florencedolcevita.com\/wp-content\/uploads\/salvemini-home\/salvemini-1.jpg","width":1920,"height":1440},{"@type":"BreadcrumbList","@id":"https:\/\/florencedolcevita.com\/services\/#breadcrumb","itemListElement":[{"@type":"ListItem","position":1,"name":"Home","item":"https:\/\/florencedolcevita.com\/"},{"@type":"ListItem","position":2,"name":"Servizi"}]},{"@type":"WebSite","@id":"https:\/\/florencedolcevita.com\/#website","url":"https:\/\/florencedolcevita.com\/","name":"Florence Dolce Vita","description":"","publisher":{"@id":"https:\/\/florencedolcevita.com\/#organization"},"potentialAction":[{"@type":"SearchAction","target":{"@type":"EntryPoint","urlTemplate":"https:\/\/florencedolcevita.com\/?s={search_term_string}"},"query-input":"required name=search_term_string"}],"inLanguage":"it-IT"},{"@type":"Organization","@id":"https:\/\/florencedolcevita.com\/#organization","name":"Florence Dolce Vita","url":"https:\/\/florencedolcevita.com\/","logo":{"@type":"ImageObject","inLanguage":"it-IT","@id":"https:\/\/florencedolcevita.com\/#\/schema\/logo\/image\/","url":"https:\/\/florencedolcevita.com\/wp-content\/uploads\/logo\/florence_dolce_vita_logo_2025.png","contentUrl":"https:\/\/florencedolcevita.com\/wp-content\/uploads\/logo\/florence_dolce_vita_logo_2025.png","width":480,"height":480,"caption":"Florence Dolce Vita"},"image":{"@id":"https:\/\/florencedolcevita.com\/#\/schema\/logo\/image\/"}}]}},"_links":{"self":[{"href":"https:\/\/florencedolcevita.com\/it\/wp-json\/wp\/v2\/pages\/2790","targetHints":{"allow":["GET"]}}],"collection":[{"href":"https:\/\/florencedolcevita.com\/it\/wp-json\/wp\/v2\/pages"}],"about":[{"href":"https:\/\/florencedolcevita.com\/it\/wp-json\/wp\/v2\/types\/page"}],"author":[{"embeddable":true,"href":"https:\/\/florencedolcevita.com\/it\/wp-json\/wp\/v2\/users\/1"}],"replies":[{"embeddable":true,"href":"https:\/\/florencedolcevita.com\/it\/wp-json\/wp\/v2\/comments?post=2790"}],"version-history":[{"count":1,"href":"https:\/\/florencedolcevita.com\/it\/wp-json\/wp\/v2\/pages\/2790\/revisions"}],"predecessor-version":[{"id":2791,"href":"https:\/\/florencedolcevita.com\/it\/wp-json\/wp\/v2\/pages\/2790\/revisions\/2791"}],"wp:featuredmedia":[{"embeddable":true,"href":"https:\/\/florencedolcevita.com\/it\/wp-json\/wp\/v2\/media\/2252"}],"wp:attachment":[{"href":"https:\/\/florencedolcevita.com\/it\/wp-json\/wp\/v2\/media?parent=2790"}],"wp:term":[{"taxonomy":"category","embeddable":true,"href":"https:\/\/florencedolcevita.com\/it\/wp-json\/wp\/v2\/categories?post=2790"},{"taxonomy":"post_tag","embeddable":true,"href":"https:\/\/florencedolcevita.com\/it\/wp-json\/wp\/v2\/tags?post=2790"}],"curies":[{"name":"wp","href":"https:\/\/api.w.org\/{rel}","templated":true}]}}