{"id":2824,"date":"2024-02-07T15:46:26","date_gmt":"2024-02-07T15:46:26","guid":{"rendered":"https:\/\/florencedolcevita.com\/privacy-policy\/"},"modified":"2024-04-04T13:29:02","modified_gmt":"2024-04-04T13:29:02","slug":"privacy-policy","status":"publish","type":"page","link":"https:\/\/florencedolcevita.com\/it\/privacy-policy\/","title":{"rendered":"Privacy Policy"},"content":{"rendered":"\t\t<div data-elementor-type=\"wp-page\" data-elementor-id=\"2824\" class=\"elementor elementor-2824 elementor-1735\">\n\t\t\t\t\t\t\t<div class=\"elementor-element elementor-element-781b564 e-con-full e-flex magic-button-disabled-no e-con\" data-id=\"781b564\" data-element_type=\"container\" data-settings=\"{&quot;content_width&quot;:&quot;full&quot;,&quot;jet_parallax_layout_list&quot;:[]}\">\n\t\t\t\t<div data-dce-advanced-background-image-url=\"https:\/\/florencedolcevita.com\/wp-content\/uploads\/salvemini-home\/salvemini-1.jpg\" class=\"elementor-element elementor-element-e963bd9 elementor-invisible elementor-has-bg-overlay elementor-widget elementor-widget-global elementor-global-416 elementor-widget-heading\" data-id=\"e963bd9\" data-element_type=\"widget\" data-settings=\"{&quot;_animation&quot;:&quot;fadeInDown&quot;}\" data-widget_type=\"heading.default\">\n\t\t\t\t<div class=\"elementor-widget-container\">\n\t\t\t<h1 class=\"elementor-heading-title elementor-size-default\">Privacy Policy<\/h1>\t\t<\/div>\n\t\t\t\t<\/div>\n\t\t\t\t<\/div>\n\t\t<div class=\"elementor-element elementor-element-0995182 e-con-boxed e-flex magic-button-disabled-no e-con\" data-id=\"0995182\" data-element_type=\"container\" data-settings=\"{&quot;jet_parallax_layout_list&quot;:[],&quot;content_width&quot;:&quot;boxed&quot;}\">\n\t\t\t\t\t<div class=\"e-con-inner\">\n\t\t\t\t<div class=\"elementor-element elementor-element-e1db7b5 elementor-widget elementor-widget-text-editor\" data-id=\"e1db7b5\" data-element_type=\"widget\" data-widget_type=\"text-editor.default\">\n\t\t\t\t<div class=\"elementor-widget-container\">\n\t\t\t\t\t\t\t<h2>INFORMATIVA SUL TRATTAMENTO DEI DATI PERSONALI<\/h2>\n<p>I dati personali dell&#8217;utente sono utilizzati da FLORENCEDOLCEVITA, che ne \u00e8 titolare per il trattamento, nel rispetto dei principi di protezione dei dati personali stabiliti dal Regolamento GDPR 2016\/679.<\/p>\n<p><b><strong>BASE GIURIDICA<\/strong><\/b><\/p>\n<p>Il conferimento dei dati \u00e8 obbligatorio per tutto quanto \u00e8 richiesto dagli obblighi legali e contrattuali e pertanto l&#8217;eventuale rifiuto a fornirli in tutto o in parte potr\u00e0 comportare l&#8217;impossibilit\u00e0 di fornire i servizi richiesti.<\/p>\n<p>La societ\u00e0 tratta i dati facoltativi dell&#8217;utente sulla base del consenso, ossia attraverso l&#8217;esplicita approvazione della presente informativa e in relazione alle modalit\u00e0 e finalit\u00e0 di seguito descritte.<\/p>\n<p><b><strong>MODALIT\u00c0 E FINALIT\u00c0 DEL TRATTAMENTO DEI DATI<\/strong><\/b><\/p>\n<p>La informiamo che i dati saranno trattati con il supporto dei seguenti mezzi:<\/p>\n<p>Misto &#8211; elettronico e cartaceo<\/p>\n<p>con le seguenti finalit\u00e0:<\/p>\n<p>&#8211; Adempimento di obblighi di legge connessi a rapporti commerciali<\/p>\n<p>&#8211; Attivit\u00e0 turistiche e ricreative<\/p>\n<p>&#8211; elaborazione, stampa, imbustamento e invio di fatture<\/p>\n<p>&#8211; fornitura del servizio<\/p>\n<p>&#8211; Gestione dei clienti (contratti, ordini, spedizioni e fatture)<\/p>\n<p>&#8211; Indagini sulla soddisfazione dei clienti<\/p>\n<p>&#8211; Servizi di controllo interno (sicurezza, produttivit\u00e0, qualit\u00e0 dei servizi, integrit\u00e0 del patrimonio)<\/p>\n<p><b><strong>PERIODO DI CONSERVAZIONE<\/strong><\/b><\/p>\n<p>I dati obbligatori per finalit\u00e0 contrattuali e contabili sono conservati per il tempo necessario allo svolgimento del rapporto commerciale e contabile.<br \/>\nI dati di coloro che non acquistano o non usufruiscono di prodotti\/servizi, anche se hanno avuto un precedente contatto con i rappresentanti dell&#8217;azienda, saranno immediatamente cancellati o trattati in forma anonima, laddove la loro conservazione non sia altrimenti giustificata, a meno che non sia stato validamente acquisito il consenso informato degli interessati in merito a una successiva attivit\u00e0 di promozione commerciale o di ricerca di mercato.<br \/>\nIl periodo di conservazione dei dati \u00e8 di 10 anni.<\/p>\n<p><b><strong>DIRITTI DELL&#8217;INTERESSATO<\/strong><\/b><\/p>\n<p>Ai sensi del Regolamento Europeo 679\/2016 (GDPR) e della normativa nazionale, l&#8217;Interessato pu\u00f2, secondo le modalit\u00e0 e nei limiti previsti dalla normativa vigente, esercitare i seguenti diritti:<\/p>\n<ul>\n<li>chiedere la conferma dell&#8217;esistenza di dati personali che lo riguardano (diritto di accesso);<\/li>\n<li>&#8211; conoscerne l&#8217;origine<\/li>\n<li>&#8211; ricevere comunicazione intelligibile;<\/li>\n<li>&#8211; avere informazioni sulla logica, le modalit\u00e0 e le finalit\u00e0 del trattamento;<\/li>\n<li>&#8211; chiedere l&#8217;aggiornamento, la rettifica, l&#8217;integrazione, la cancellazione, la trasformazione in forma anonima, il blocco dei dati trattati in violazione di legge, compresi quelli non pi\u00f9 necessari al perseguimento degli scopi per i quali sono stati raccolti;<\/li>\n<li>&#8211; nei casi di trattamento basato sul consenso, ricevere i propri dati forniti al titolare, in forma strutturata e leggibile da un incaricato del trattamento e in un formato comunemente utilizzato da un dispositivo elettronico;<\/li>\n<li>&#8211; il diritto di proporre reclamo all&#8217;Autorit\u00e0 di controllo.Titolare del trattamento dei Suoi dati personali \u00e8 FLORENCEDOLCEVITA di propriet\u00e0 di FLORENCE PRIVATE PLACE S.R.L.<\/li>\n<\/ul>\n<p>Informazioni sui cookie<br \/>\nCosa sono i cookie<br \/>\nUn &#8220;cookie&#8221; \u00e8 un file di testo salvato sul computer dell&#8217;utente quando accede a un sito web con lo scopo di fornire informazioni ogni volta che l&#8217;utente torna sullo stesso sito. \u00c8 una sorta di promemoria della pagina Internet visitata. Con il cookie, il server web invia al browser dell&#8217;utente (Internet Explorer, Mozilla Firefox, Google Chrome, ecc.) informazioni memorizzate sul computer di quest&#8217;ultimo, che verranno rilette e aggiornate ogni volta che l&#8217;utente torna sul sito. In questo modo il sito pu\u00f2 adattarsi automaticamente all&#8217;utente. Nel corso della navigazione, l&#8217;utente pu\u00f2 ricevere sul suo terminale anche cookie di siti diversi (cookie di &#8220;terze parti&#8221;), impostati direttamente dai gestori di tali siti e utilizzati per le finalit\u00e0 e secondo le modalit\u00e0 da questi definite.<br \/>\nIn base alla loro durata, si distinguono in cookie di sessione (cio\u00e8 quelli temporanei e cancellati automaticamente dal terminale al termine della sessione di navigazione, chiudendo il browser) e cookie persistenti (cio\u00e8 quelli che rimangono memorizzati sul terminale fino alla loro scadenza o cancellazione da parte dell&#8217;utente).<br \/>\nA seconda della funzione e della finalit\u00e0 di utilizzo, i cookie possono essere suddivisi in cookie tecnici e cookie di profilazione.<\/p>\n<p>Cookie tecnici<br \/>\nAlcuni cookie sono utilizzati per eseguire autenticazioni informatiche, monitorare sessioni e memorizzare informazioni specifiche sugli utenti che accedono a una pagina web. Questi cookie, cosiddetti tecnici, sono spesso utili per consentire la navigazione in un sito web e l&#8217;utilizzo di tutte le funzionalit\u00e0. I cookie tecnici sono quelli il cui utilizzo non richiede il consenso dell&#8217;utente.<br \/>\nAnche i cookie analitici appartengono a questa categoria. Si tratta di cookie che raccolgono informazioni sull&#8217;uso che un utente fa di un sito web e che permettono di migliorarne il funzionamento. Ad esempio, i cookie analitici mostrano quali sono le pagine pi\u00f9 frequentemente visitate, permettono di verificare quali sono i modelli ricorrenti di utilizzo di un sito web e aiutano a comprendere ogni difficolt\u00e0 che l&#8217;utente incontra nell&#8217;utilizzo.<br \/>\nCookie di profilazione<br \/>\nAltri cookie possono invece essere utilizzati per monitorare e profilare gli utenti durante la navigazione, per studiare i loro movimenti e le loro abitudini di navigazione o consumo del web (cosa comprano, cosa leggono, ecc.), anche allo scopo di inviare pubblicit\u00e0 di servizi mirati e personalizzati. In questo caso si parla di cookie di profilazione. L&#8217;utilizzo di questi cookie richiede la preventiva acquisizione del libero consenso informato dell&#8217;utente ai sensi dell&#8217;art. 7 del Regolamento UE 2016\/679.<\/p>\n<p>Cookie di terze parti<br \/>\nPu\u00f2 accadere che una pagina web contenga cookie di altri siti e contenuti in vari elementi ospitati sulla pagina stessa, come banner pubblicitari, immagini, video, mappe o specifici link a pagine web di altri domini che risiedono su server diversi da quello su cui si trova la pagina richiesta. In altre parole, questi cookie sono impostati direttamente dai gestori di siti web o server diversi da questo sito. Si parla, in questi casi, dei cosiddetti cookie di terze parti, che vengono solitamente utilizzati per finalit\u00e0 di profilazione. L&#8217;utilizzo di questi cookie richiede la preventiva acquisizione del libero consenso informato dell&#8217;utente.<\/p>\n<p>Tipi di cookie utilizzati dal nostro sito<br \/>\nLe funzioni principali dei cookie installati da www.florencedolcevita.com\/it sono tecniche, vengono utilizzati per migliorare costantemente il servizio, per l&#8217;autenticazione, per fini statistici, come il conteggio delle visite al sito. L&#8217;utilizzo dei cookie \u00e8 quindi strettamente finalizzato a facilitare le funzioni del server durante la navigazione del Servizio.<br \/>\nIl sito consente anche l&#8217;invio dei seguenti cookie di terze parti. Questi cookie non sono strumenti di nostra titolarit\u00e0, per maggiori informazioni, quindi, \u00e8 possibile accedere alle informative e alle forme di acquisizione del consenso delle terze parti, cliccando sui link.<br \/>\nPer migliorare il sito e capire quali parti o elementi sono pi\u00f9 apprezzati dagli utenti, vengono utilizzati i cookie di terze parti di Google Analytics come strumento di analisi anonima e aggregata. Questi cookie non sono strumenti di nostra propriet\u00e0, per maggiori informazioni, quindi, \u00e8 possibile consultare l&#8217;informativa fornita da Google.<br \/>\nLe pagine del sito incorporano al loro interno alcuni widget e pulsanti di condivisione di Facebook e Google Plus, per consentire all&#8217;utente di condividere i contenuti del sito sui propri canali social, e di interagire con i nostri canali. Questi cookie non sono strumenti di nostra propriet\u00e0, ma vengono creati rispettivamente da Facebook e Google quando l&#8217;utente utilizza il rispettivo widget o pulsante di condivisione. Per saperne di pi\u00f9, visitate le seguenti pagine informative: Facebook e Google.<\/p>\n<p>Plugin per i social network<br \/>\nIl sito www. www.florencedolcevita.com\/it incorpora anche plugin e\/o comandi per i social network, al fine di consentire una facile condivisione dei contenuti sui vostri social network preferiti. Questi plugin sono programmati in modo da non impostare alcun cookie quando si accede alla pagina, per salvaguardare la privacy degli utenti. Eventualmente i cookie vengono impostati, se previsti dai social network, solo quando l&#8217;utente fa un uso effettivo e volontario del plugin. Si ricorda che se l&#8217;utente naviga essendo loggato al social network allora ha gi\u00e0 acconsentito all&#8217;utilizzo dei cookie veicolati attraverso questo sito al momento della registrazione al social network.<br \/>\nLa raccolta e l&#8217;utilizzo delle informazioni ottenute tramite il plugin sono regolati dalle rispettive privacy policy dei social network, a cui si rimanda.<br \/>\n&#8211; Facebook<br \/>\n&#8211; Twitter<br \/>\nLa presente privacy policy pu\u00f2 subire modifiche nel tempo &#8211; anche connesse all&#8217;eventuale entrata in vigore di nuove normative di settore, all&#8217;aggiornamento o erogazione di nuovi servizi ovvero ad intervenute innovazioni tecnologiche &#8211; per le quali l&#8217;utente\/visitatore \u00e8 invitato a consultare periodicamente la presente pagina www.florencedolcevita.com\/it.<\/p>\n\t\t\t\t\t\t<\/div>\n\t\t\t\t<\/div>\n\t\t\t\t\t<\/div>\n\t\t\t\t<\/div>\n\t\t\t\t\t\t\t<\/div>\n\t\t","protected":false},"excerpt":{"rendered":"<p>INFORMATIVA SUL TRATTAMENTO DEI DATI PERSONALI I dati personali dell&#8217;utente sono utilizzati da FLORENCEDOLCEVITA, che ne \u00e8 titolare per il trattamento, nel rispetto dei principi di protezione dei dati personali stabiliti dal Regolamento GDPR 2016\/679. BASE GIURIDICA Il conferimento dei dati \u00e8 obbligatorio per tutto quanto \u00e8 richiesto dagli obblighi legali e contrattuali e pertanto&#8230;<\/p>\n","protected":false},"author":1,"featured_media":2252,"parent":0,"menu_order":5,"comment_status":"closed","ping_status":"closed","template":"","meta":{"footnotes":""},"categories":[],"tags":[],"class_list":["post-2824","page","type-page","status-publish","has-post-thumbnail","hentry"],"acf":[],"yoast_head":"<!-- This site is optimized with the Yoast SEO plugin v22.4 - https:\/\/yoast.com\/wordpress\/plugins\/seo\/ -->\n<title>Privacy Policy - Florence Dolce Vita<\/title>\n<meta name=\"robots\" content=\"index, follow, max-snippet:-1, max-image-preview:large, max-video-preview:-1\" \/>\n<link rel=\"canonical\" href=\"https:\/\/florencedolcevita.com\/privacy-policy\/\" \/>\n<meta property=\"og:locale\" content=\"it_IT\" \/>\n<meta property=\"og:type\" content=\"article\" \/>\n<meta property=\"og:title\" content=\"Privacy Policy - Florence Dolce Vita\" \/>\n<meta property=\"og:description\" content=\"INFORMATIVA SUL TRATTAMENTO DEI DATI PERSONALI I dati personali dell&#8217;utente sono utilizzati da FLORENCEDOLCEVITA, che ne \u00e8 titolare per il trattamento, nel rispetto dei principi di protezione dei dati personali stabiliti dal Regolamento GDPR 2016\/679. BASE GIURIDICA Il conferimento dei dati \u00e8 obbligatorio per tutto quanto \u00e8 richiesto dagli obblighi legali e contrattuali e pertanto...\" \/>\n<meta property=\"og:url\" content=\"https:\/\/florencedolcevita.com\/privacy-policy\/\" \/>\n<meta property=\"og:site_name\" content=\"Florence Dolce Vita\" \/>\n<meta property=\"article:modified_time\" content=\"2024-04-04T13:29:02+00:00\" \/>\n<meta property=\"og:image\" content=\"https:\/\/florencedolcevita.com\/wp-content\/uploads\/salvemini-home\/salvemini-1.jpg\" \/>\n\t<meta property=\"og:image:width\" content=\"1920\" \/>\n\t<meta property=\"og:image:height\" content=\"1440\" \/>\n\t<meta property=\"og:image:type\" content=\"image\/jpeg\" \/>\n<meta name=\"twitter:card\" content=\"summary_large_image\" \/>\n<meta name=\"twitter:label1\" content=\"Tempo di lettura stimato\" \/>\n\t<meta name=\"twitter:data1\" content=\"7 minuti\" \/>\n<script type=\"application\/ld+json\" class=\"yoast-schema-graph\">{\"@context\":\"https:\/\/schema.org\",\"@graph\":[{\"@type\":\"WebPage\",\"@id\":\"https:\/\/florencedolcevita.com\/privacy-policy\/\",\"url\":\"https:\/\/florencedolcevita.com\/privacy-policy\/\",\"name\":\"Privacy Policy - Florence Dolce Vita\",\"isPartOf\":{\"@id\":\"https:\/\/florencedolcevita.com\/#website\"},\"primaryImageOfPage\":{\"@id\":\"https:\/\/florencedolcevita.com\/privacy-policy\/#primaryimage\"},\"image\":{\"@id\":\"https:\/\/florencedolcevita.com\/privacy-policy\/#primaryimage\"},\"thumbnailUrl\":\"https:\/\/florencedolcevita.com\/wp-content\/uploads\/salvemini-home\/salvemini-1.jpg\",\"datePublished\":\"2024-02-07T15:46:26+00:00\",\"dateModified\":\"2024-04-04T13:29:02+00:00\",\"breadcrumb\":{\"@id\":\"https:\/\/florencedolcevita.com\/privacy-policy\/#breadcrumb\"},\"inLanguage\":\"it-IT\",\"potentialAction\":[{\"@type\":\"ReadAction\",\"target\":[\"https:\/\/florencedolcevita.com\/privacy-policy\/\"]}]},{\"@type\":\"ImageObject\",\"inLanguage\":\"it-IT\",\"@id\":\"https:\/\/florencedolcevita.com\/privacy-policy\/#primaryimage\",\"url\":\"https:\/\/florencedolcevita.com\/wp-content\/uploads\/salvemini-home\/salvemini-1.jpg\",\"contentUrl\":\"https:\/\/florencedolcevita.com\/wp-content\/uploads\/salvemini-home\/salvemini-1.jpg\",\"width\":1920,\"height\":1440},{\"@type\":\"BreadcrumbList\",\"@id\":\"https:\/\/florencedolcevita.com\/privacy-policy\/#breadcrumb\",\"itemListElement\":[{\"@type\":\"ListItem\",\"position\":1,\"name\":\"Home\",\"item\":\"https:\/\/florencedolcevita.com\/\"},{\"@type\":\"ListItem\",\"position\":2,\"name\":\"Privacy Policy\"}]},{\"@type\":\"WebSite\",\"@id\":\"https:\/\/florencedolcevita.com\/#website\",\"url\":\"https:\/\/florencedolcevita.com\/\",\"name\":\"Florence Dolce Vita\",\"description\":\"\",\"publisher\":{\"@id\":\"https:\/\/florencedolcevita.com\/#organization\"},\"potentialAction\":[{\"@type\":\"SearchAction\",\"target\":{\"@type\":\"EntryPoint\",\"urlTemplate\":\"https:\/\/florencedolcevita.com\/?s={search_term_string}\"},\"query-input\":\"required name=search_term_string\"}],\"inLanguage\":\"it-IT\"},{\"@type\":\"Organization\",\"@id\":\"https:\/\/florencedolcevita.com\/#organization\",\"name\":\"Florence Dolce Vita\",\"url\":\"https:\/\/florencedolcevita.com\/\",\"logo\":{\"@type\":\"ImageObject\",\"inLanguage\":\"it-IT\",\"@id\":\"https:\/\/florencedolcevita.com\/#\/schema\/logo\/image\/\",\"url\":\"https:\/\/florencedolcevita.com\/wp-content\/uploads\/logo\/florence_dolce_vita_logo_2025.png\",\"contentUrl\":\"https:\/\/florencedolcevita.com\/wp-content\/uploads\/logo\/florence_dolce_vita_logo_2025.png\",\"width\":480,\"height\":480,\"caption\":\"Florence Dolce Vita\"},\"image\":{\"@id\":\"https:\/\/florencedolcevita.com\/#\/schema\/logo\/image\/\"}}]}<\/script>\n<!-- \/ Yoast SEO plugin. -->","yoast_head_json":{"title":"Privacy Policy - Florence Dolce Vita","robots":{"index":"index","follow":"follow","max-snippet":"max-snippet:-1","max-image-preview":"max-image-preview:large","max-video-preview":"max-video-preview:-1"},"canonical":"https:\/\/florencedolcevita.com\/privacy-policy\/","og_locale":"it_IT","og_type":"article","og_title":"Privacy Policy - Florence Dolce Vita","og_description":"INFORMATIVA SUL TRATTAMENTO DEI DATI PERSONALI I dati personali dell&#8217;utente sono utilizzati da FLORENCEDOLCEVITA, che ne \u00e8 titolare per il trattamento, nel rispetto dei principi di protezione dei dati personali stabiliti dal Regolamento GDPR 2016\/679. BASE GIURIDICA Il conferimento dei dati \u00e8 obbligatorio per tutto quanto \u00e8 richiesto dagli obblighi legali e contrattuali e pertanto...","og_url":"https:\/\/florencedolcevita.com\/privacy-policy\/","og_site_name":"Florence Dolce Vita","article_modified_time":"2024-04-04T13:29:02+00:00","og_image":[{"width":1920,"height":1440,"url":"https:\/\/florencedolcevita.com\/wp-content\/uploads\/salvemini-home\/salvemini-1.jpg","type":"image\/jpeg"}],"twitter_card":"summary_large_image","twitter_misc":{"Tempo di lettura stimato":"7 minuti"},"schema":{"@context":"https:\/\/schema.org","@graph":[{"@type":"WebPage","@id":"https:\/\/florencedolcevita.com\/privacy-policy\/","url":"https:\/\/florencedolcevita.com\/privacy-policy\/","name":"Privacy Policy - Florence Dolce Vita","isPartOf":{"@id":"https:\/\/florencedolcevita.com\/#website"},"primaryImageOfPage":{"@id":"https:\/\/florencedolcevita.com\/privacy-policy\/#primaryimage"},"image":{"@id":"https:\/\/florencedolcevita.com\/privacy-policy\/#primaryimage"},"thumbnailUrl":"https:\/\/florencedolcevita.com\/wp-content\/uploads\/salvemini-home\/salvemini-1.jpg","datePublished":"2024-02-07T15:46:26+00:00","dateModified":"2024-04-04T13:29:02+00:00","breadcrumb":{"@id":"https:\/\/florencedolcevita.com\/privacy-policy\/#breadcrumb"},"inLanguage":"it-IT","potentialAction":[{"@type":"ReadAction","target":["https:\/\/florencedolcevita.com\/privacy-policy\/"]}]},{"@type":"ImageObject","inLanguage":"it-IT","@id":"https:\/\/florencedolcevita.com\/privacy-policy\/#primaryimage","url":"https:\/\/florencedolcevita.com\/wp-content\/uploads\/salvemini-home\/salvemini-1.jpg","contentUrl":"https:\/\/florencedolcevita.com\/wp-content\/uploads\/salvemini-home\/salvemini-1.jpg","width":1920,"height":1440},{"@type":"BreadcrumbList","@id":"https:\/\/florencedolcevita.com\/privacy-policy\/#breadcrumb","itemListElement":[{"@type":"ListItem","position":1,"name":"Home","item":"https:\/\/florencedolcevita.com\/"},{"@type":"ListItem","position":2,"name":"Privacy Policy"}]},{"@type":"WebSite","@id":"https:\/\/florencedolcevita.com\/#website","url":"https:\/\/florencedolcevita.com\/","name":"Florence Dolce Vita","description":"","publisher":{"@id":"https:\/\/florencedolcevita.com\/#organization"},"potentialAction":[{"@type":"SearchAction","target":{"@type":"EntryPoint","urlTemplate":"https:\/\/florencedolcevita.com\/?s={search_term_string}"},"query-input":"required name=search_term_string"}],"inLanguage":"it-IT"},{"@type":"Organization","@id":"https:\/\/florencedolcevita.com\/#organization","name":"Florence Dolce Vita","url":"https:\/\/florencedolcevita.com\/","logo":{"@type":"ImageObject","inLanguage":"it-IT","@id":"https:\/\/florencedolcevita.com\/#\/schema\/logo\/image\/","url":"https:\/\/florencedolcevita.com\/wp-content\/uploads\/logo\/florence_dolce_vita_logo_2025.png","contentUrl":"https:\/\/florencedolcevita.com\/wp-content\/uploads\/logo\/florence_dolce_vita_logo_2025.png","width":480,"height":480,"caption":"Florence Dolce Vita"},"image":{"@id":"https:\/\/florencedolcevita.com\/#\/schema\/logo\/image\/"}}]}},"_links":{"self":[{"href":"https:\/\/florencedolcevita.com\/it\/wp-json\/wp\/v2\/pages\/2824","targetHints":{"allow":["GET"]}}],"collection":[{"href":"https:\/\/florencedolcevita.com\/it\/wp-json\/wp\/v2\/pages"}],"about":[{"href":"https:\/\/florencedolcevita.com\/it\/wp-json\/wp\/v2\/types\/page"}],"author":[{"embeddable":true,"href":"https:\/\/florencedolcevita.com\/it\/wp-json\/wp\/v2\/users\/1"}],"replies":[{"embeddable":true,"href":"https:\/\/florencedolcevita.com\/it\/wp-json\/wp\/v2\/comments?post=2824"}],"version-history":[{"count":1,"href":"https:\/\/florencedolcevita.com\/it\/wp-json\/wp\/v2\/pages\/2824\/revisions"}],"predecessor-version":[{"id":2825,"href":"https:\/\/florencedolcevita.com\/it\/wp-json\/wp\/v2\/pages\/2824\/revisions\/2825"}],"wp:featuredmedia":[{"embeddable":true,"href":"https:\/\/florencedolcevita.com\/it\/wp-json\/wp\/v2\/media\/2252"}],"wp:attachment":[{"href":"https:\/\/florencedolcevita.com\/it\/wp-json\/wp\/v2\/media?parent=2824"}],"wp:term":[{"taxonomy":"category","embeddable":true,"href":"https:\/\/florencedolcevita.com\/it\/wp-json\/wp\/v2\/categories?post=2824"},{"taxonomy":"post_tag","embeddable":true,"href":"https:\/\/florencedolcevita.com\/it\/wp-json\/wp\/v2\/tags?post=2824"}],"curies":[{"name":"wp","href":"https:\/\/api.w.org\/{rel}","templated":true}]}}